{"id":700,"date":"2023-12-19T10:23:16","date_gmt":"2023-12-19T09:23:16","guid":{"rendered":"https:\/\/zanonabogados.com\/areas-of-specialization\/inheritance-and-wills\/"},"modified":"2024-01-26T12:18:32","modified_gmt":"2024-01-26T11:18:32","slug":"inheritance-and-wills","status":"publish","type":"page","link":"https:\/\/zanonabogados.com\/en\/areas-of-specialization\/inheritance-and-wills\/","title":{"rendered":"Inheritance and wills"},"content":{"rendered":"<p>[et_pb_section fb_built=&#8221;1&#8243; module_class=&#8221;bg-overlay-blue3&#8243; _builder_version=&#8221;4.23&#8243; _module_preset=&#8221;default&#8221; background_color=&#8221;#313E47&#8243; background_image=&#8221;https:\/\/zanonabogados.com\/wp-content\/uploads\/2023\/12\/estatua-justicia-simbolo-imagen-concepto-derecho-legal-1-scaled.jpg&#8221; parallax=&#8221;on&#8221; background_enable_pattern_style=&#8221;on&#8221; background_pattern_style=&#8221;squares&#8221; background_pattern_color=&#8221;rgba(49,62,71,0.24)&#8221; global_module=&#8221;203&#8243; saved_tabs=&#8221;all&#8221; global_colors_info=&#8221;{}&#8221;][et_pb_row _builder_version=&#8221;4.23&#8243; _module_preset=&#8221;default&#8221; global_colors_info=&#8221;{}&#8221;][et_pb_column type=&#8221;4_4&#8243; _builder_version=&#8221;4.23&#8243; _module_preset=&#8221;default&#8221; global_colors_info=&#8221;{}&#8221;][et_pb_text _builder_version=&#8221;4.23&#8243; _dynamic_attributes=&#8221;link_option_url&#8221; _module_preset=&#8221;default&#8221; text_text_color=&#8221;#EB9B38&#8243; text_letter_spacing=&#8221;3px&#8221; custom_margin=&#8221;||6px|||&#8221; link_option_url=&#8221;@ET-DC@eyJkeW5hbWljIjp0cnVlLCJjb250ZW50IjoicG9zdF9saW5rX3VybF9wYWdlIiwic2V0dGluZ3MiOnsicG9zdF9pZCI6IjE3IiwiZW5hYmxlX2h0bWwiOiJvZmYifX0=@&#8221; global_colors_info=&#8221;{}&#8221;]<\/p>\n<p>SERVICES<\/p>\n<p>[\/et_pb_text][et_pb_text _builder_version=&#8221;4.23&#8243; _dynamic_attributes=&#8221;content&#8221; _module_preset=&#8221;default&#8221; header_text_color=&#8221;#FFFFFF&#8221; header_font_size=&#8221;34px&#8221; header_line_height=&#8221;1.4em&#8221; custom_margin=&#8221;||-9px|||&#8221; header_font_size_tablet=&#8221;34px&#8221; header_font_size_phone=&#8221;28px&#8221; header_font_size_last_edited=&#8221;on|desktop&#8221; global_colors_info=&#8221;{}&#8221;]@ET-DC@eyJkeW5hbWljIjp0cnVlLCJjb250ZW50IjoicG9zdF90aXRsZSIsInNldHRpbmdzIjp7ImJlZm9yZSI6IjxoMT4iLCJhZnRlciI6IjwvaDE+IiwiZW5hYmxlX2h0bWwiOiJvZmYifX0=@[\/et_pb_text][\/et_pb_column][\/et_pb_row][\/et_pb_section][et_pb_section fb_built=&#8221;1&#8243; _builder_version=&#8221;4.23&#8243; _module_preset=&#8221;default&#8221; background_color=&#8221;#F7F7F7&#8243; global_colors_info=&#8221;{}&#8221;][et_pb_row column_structure=&#8221;1_4,3_4&#8243; use_custom_gutter=&#8221;on&#8221; gutter_width=&#8221;2&#8243; _builder_version=&#8221;4.23&#8243; _module_preset=&#8221;default&#8221; global_colors_info=&#8221;{}&#8221;][et_pb_column type=&#8221;1_4&#8243; _builder_version=&#8221;4.23&#8243; _module_preset=&#8221;default&#8221; global_colors_info=&#8221;{}&#8221;][et_pb_image src=&#8221;https:\/\/zanonabogados.com\/wp-content\/uploads\/2023\/11\/iconos-servicios_Mesa-de-trabajo-1.svg&#8221; alt=&#8221;Balanza de justicia&#8221; title_text=&#8221;Balanza de justicia&#8221; _builder_version=&#8221;4.24.0&#8243; _module_preset=&#8221;default&#8221; width=&#8221;64%&#8221; width_tablet=&#8221;20%&#8221; width_phone=&#8221;31%&#8221; width_last_edited=&#8221;on|phone&#8221; module_alignment=&#8221;left&#8221; hover_enabled=&#8221;0&#8243; global_colors_info=&#8221;{}&#8221; sticky_enabled=&#8221;0&#8243;][\/et_pb_image][\/et_pb_column][et_pb_column type=&#8221;3_4&#8243; _builder_version=&#8221;4.23&#8243; _module_preset=&#8221;default&#8221; global_colors_info=&#8221;{}&#8221;][et_pb_text _builder_version=&#8221;4.23.1&#8243; _module_preset=&#8221;default&#8221; custom_margin=&#8221;||||false|false&#8221; custom_padding=&#8221;|||40px|false|false&#8221; custom_padding_tablet=&#8221;|||40px|false|false&#8221; custom_padding_phone=&#8221;|||20px|false|false&#8221; custom_padding_last_edited=&#8221;on|phone&#8221; animation_style=&#8221;slide&#8221; animation_direction=&#8221;left&#8221; animation_intensity_slide=&#8221;1%&#8221; border_width_left=&#8221;4px&#8221; border_color_left=&#8221;#EB9B38&#8243; border_width_left_last_edited=&#8221;off|phone&#8221; global_colors_info=&#8221;{}&#8221;]<\/p>\n<p><span style=\"font-weight: 400;\">Incluye el <\/span><b>asesoramiento en herencias,<\/b><span style=\"font-weight: 400;\"> as\u00ed como en relaci\u00f3n a todos los <\/span><b>problemas sucesorios<\/b><span style=\"font-weight: 400;\"> que surgen tras el fallecimiento de una persona, tanto en su aspecto preventivo, <\/span><b>con anterioridad al \u00f3bito<\/b><span style=\"font-weight: 400;\"> (redacci\u00f3n testamentos con distribuci\u00f3n bienes entre herederos seg\u00fan voluntad del testador, donaciones de bienes previas a herederos, &#8230;), como <\/span><b>solucionando las incidencias que se produzcan o generen entre los herederos y\/o interesados en la herencia<\/b><span style=\"font-weight: 400;\"> una vez ocurrido, actuando a tal fin tanto extrajudicialmente como, si resultare necesario, judicialmente.<\/span><\/p>\n<p><span style=\"font-weight: 400;\">Asesoraremos acerca de las posibilidades para <\/span><span style=\"font-weight: 400;\">hacer <\/span><b>testamentos<\/b><span style=\"font-weight: 400;\"> <\/span><b>y disposiciones a incluir<\/b><span style=\"font-weight: 400;\">, atendiendo al caso concreto y por supuesto siempre de forma discreta y personalizada.<\/span><\/p>\n<p><span style=\"font-weight: 400;\">Informamos sobre <\/span><b>derechos y obligaciones de los herederos<\/b><span style=\"font-weight: 400;\">: c\u00f3mo se divide una herencia y sus partes, la legitima de los herederos forzosos, a qui\u00e9n corresponde cada parte, posibilidades de <\/span><b>distribuci\u00f3n bienes hereditarios<\/b><span style=\"font-weight: 400;\">, as\u00ed como de la facultad de aceptar o repudiar una herencia y cu\u00e1l es la mejor soluci\u00f3n concreta para el cliente en su caso.<\/span><\/p>\n<p><span style=\"font-weight: 400;\">Atenderemos tambi\u00e9n cualquier cuesti\u00f3n acerca de los <\/span><b>legados<\/b><span style=\"font-weight: 400;\">, sus clases y su modo de constituirlos, o las <\/span><b>donaciones previas de bienes sujetas o no a colaci\u00f3n<\/b><span style=\"font-weight: 400;\">. <\/span> <\/p>\n<p><span style=\"font-weight: 400;\">Aquellos supuestos posiblemente m\u00e1s delicados, como la <\/span><b>desheredaci\u00f3n<\/b><span style=\"font-weight: 400;\">, ser\u00e1n tratados con una gran discreci\u00f3n.<\/span><\/p>\n<p><span style=\"font-weight: 400;\">Realizamos el <\/span><b>asesoramiento<\/b><span style=\"font-weight: 400;\"> sobre nombramiento de <\/span><b>albaceas y contadores partidores<\/b><span style=\"font-weight: 400;\"> y sus obligaciones, problem\u00e1tica fallecimiento sin testamento &#8211;<\/span><b>sucesi\u00f3n intestada<\/b><span style=\"font-weight: 400;\">-, &#8230;.<\/span><\/p>\n<p><span style=\"font-weight: 400;\">El equipo de <\/span><b>abogados especialistas en asesoramiento en herencias<\/b><span style=\"font-weight: 400;\"> de Zan\u00f3n Abogados est\u00e1 a su disposici\u00f3n para asesorarle.<\/span><\/p>\n<p>[\/et_pb_text][\/et_pb_column][\/et_pb_row][\/et_pb_section]<\/p>\n","protected":false},"excerpt":{"rendered":"<p>SERVICESIncluye el asesoramiento en herencias, as\u00ed como en relaci\u00f3n a todos los problemas sucesorios que surgen tras el fallecimiento de una persona, tanto en su aspecto preventivo, con anterioridad al \u00f3bito (redacci\u00f3n testamentos con distribuci\u00f3n bienes entre herederos seg\u00fan voluntad del testador, donaciones de bienes previas a herederos, &#8230;), como solucionando las incidencias que se [&hellip;]<\/p>\n","protected":false},"author":1,"featured_media":0,"parent":646,"menu_order":0,"comment_status":"closed","ping_status":"closed","template":"","meta":{"_et_pb_use_builder":"on","_et_pb_old_content":"","_et_gb_content_width":"","footnotes":""},"class_list":["post-700","page","type-page","status-publish","hentry"],"_links":{"self":[{"href":"https:\/\/zanonabogados.com\/en\/wp-json\/wp\/v2\/pages\/700","targetHints":{"allow":["GET"]}}],"collection":[{"href":"https:\/\/zanonabogados.com\/en\/wp-json\/wp\/v2\/pages"}],"about":[{"href":"https:\/\/zanonabogados.com\/en\/wp-json\/wp\/v2\/types\/page"}],"author":[{"embeddable":true,"href":"https:\/\/zanonabogados.com\/en\/wp-json\/wp\/v2\/users\/1"}],"replies":[{"embeddable":true,"href":"https:\/\/zanonabogados.com\/en\/wp-json\/wp\/v2\/comments?post=700"}],"version-history":[{"count":0,"href":"https:\/\/zanonabogados.com\/en\/wp-json\/wp\/v2\/pages\/700\/revisions"}],"up":[{"embeddable":true,"href":"https:\/\/zanonabogados.com\/en\/wp-json\/wp\/v2\/pages\/646"}],"wp:attachment":[{"href":"https:\/\/zanonabogados.com\/en\/wp-json\/wp\/v2\/media?parent=700"}],"curies":[{"name":"wp","href":"https:\/\/api.w.org\/{rel}","templated":true}]}}