{"id":726,"date":"2023-12-19T10:18:53","date_gmt":"2023-12-19T09:18:53","guid":{"rendered":"https:\/\/zanonabogados.com\/areas-of-specialization\/insolvency-law\/"},"modified":"2024-01-26T12:17:27","modified_gmt":"2024-01-26T11:17:27","slug":"insolvency-law","status":"publish","type":"page","link":"https:\/\/zanonabogados.com\/en\/areas-of-specialization\/insolvency-law\/","title":{"rendered":"Insolvency Law"},"content":{"rendered":"<p>[et_pb_section fb_built=&#8221;1&#8243; module_class=&#8221;bg-overlay-blue3&#8243; _builder_version=&#8221;4.23&#8243; _module_preset=&#8221;default&#8221; background_color=&#8221;#313E47&#8243; background_image=&#8221;https:\/\/zanonabogados.com\/wp-content\/uploads\/2023\/12\/estatua-justicia-simbolo-imagen-concepto-derecho-legal-1-scaled.jpg&#8221; parallax=&#8221;on&#8221; background_enable_pattern_style=&#8221;on&#8221; background_pattern_style=&#8221;squares&#8221; background_pattern_color=&#8221;rgba(49,62,71,0.24)&#8221; global_module=&#8221;203&#8243; saved_tabs=&#8221;all&#8221; global_colors_info=&#8221;{}&#8221;][et_pb_row _builder_version=&#8221;4.23&#8243; _module_preset=&#8221;default&#8221; global_colors_info=&#8221;{}&#8221;][et_pb_column type=&#8221;4_4&#8243; _builder_version=&#8221;4.23&#8243; _module_preset=&#8221;default&#8221; global_colors_info=&#8221;{}&#8221;][et_pb_text _builder_version=&#8221;4.23&#8243; _dynamic_attributes=&#8221;link_option_url&#8221; _module_preset=&#8221;default&#8221; text_text_color=&#8221;#EB9B38&#8243; text_letter_spacing=&#8221;3px&#8221; custom_margin=&#8221;||6px|||&#8221; link_option_url=&#8221;@ET-DC@eyJkeW5hbWljIjp0cnVlLCJjb250ZW50IjoicG9zdF9saW5rX3VybF9wYWdlIiwic2V0dGluZ3MiOnsicG9zdF9pZCI6IjE3IiwiZW5hYmxlX2h0bWwiOiJvZmYifX0=@&#8221; global_colors_info=&#8221;{}&#8221;]<\/p>\n<p>SERVICES<\/p>\n<p>[\/et_pb_text][et_pb_text _builder_version=&#8221;4.23&#8243; _dynamic_attributes=&#8221;content&#8221; _module_preset=&#8221;default&#8221; header_text_color=&#8221;#FFFFFF&#8221; header_font_size=&#8221;34px&#8221; header_line_height=&#8221;1.4em&#8221; custom_margin=&#8221;||-9px|||&#8221; header_font_size_tablet=&#8221;34px&#8221; header_font_size_phone=&#8221;28px&#8221; header_font_size_last_edited=&#8221;on|desktop&#8221; global_colors_info=&#8221;{}&#8221;]@ET-DC@eyJkeW5hbWljIjp0cnVlLCJjb250ZW50IjoicG9zdF90aXRsZSIsInNldHRpbmdzIjp7ImJlZm9yZSI6IjxoMT4iLCJhZnRlciI6IjwvaDE+IiwiZW5hYmxlX2h0bWwiOiJvZmYifX0=@[\/et_pb_text][\/et_pb_column][\/et_pb_row][\/et_pb_section][et_pb_section fb_built=&#8221;1&#8243; _builder_version=&#8221;4.23&#8243; _module_preset=&#8221;default&#8221; background_color=&#8221;#F7F7F7&#8243; global_colors_info=&#8221;{}&#8221;][et_pb_row column_structure=&#8221;1_4,3_4&#8243; use_custom_gutter=&#8221;on&#8221; gutter_width=&#8221;2&#8243; _builder_version=&#8221;4.23&#8243; _module_preset=&#8221;default&#8221; global_colors_info=&#8221;{}&#8221;][et_pb_column type=&#8221;1_4&#8243; _builder_version=&#8221;4.23&#8243; _module_preset=&#8221;default&#8221; global_colors_info=&#8221;{}&#8221;][et_pb_image src=&#8221;https:\/\/zanonabogados.com\/wp-content\/uploads\/2023\/11\/iconos-servicios_Mesa-de-trabajo-1-copia-6.svg&#8221; title_text=&#8221;iconos-servicios_Mesa de trabajo 1 copia 6&#8243; _builder_version=&#8221;4.24.0&#8243; _module_preset=&#8221;default&#8221; width=&#8221;64%&#8221; width_tablet=&#8221;20%&#8221; width_phone=&#8221;31%&#8221; width_last_edited=&#8221;on|phone&#8221; module_alignment=&#8221;left&#8221; hover_enabled=&#8221;0&#8243; global_colors_info=&#8221;{}&#8221; sticky_enabled=&#8221;0&#8243;][\/et_pb_image][\/et_pb_column][et_pb_column type=&#8221;3_4&#8243; _builder_version=&#8221;4.23&#8243; _module_preset=&#8221;default&#8221; global_colors_info=&#8221;{}&#8221;][et_pb_text _builder_version=&#8221;4.23.1&#8243; _module_preset=&#8221;default&#8221; custom_margin=&#8221;||||false|false&#8221; custom_padding=&#8221;|||40px|false|false&#8221; custom_padding_tablet=&#8221;|||40px|false|false&#8221; custom_padding_phone=&#8221;|||20px|false|false&#8221; custom_padding_last_edited=&#8221;on|phone&#8221; animation_style=&#8221;slide&#8221; animation_direction=&#8221;left&#8221; animation_intensity_slide=&#8221;1%&#8221; border_width_left=&#8221;4px&#8221; border_color_left=&#8221;#EB9B38&#8243; border_width_left_last_edited=&#8221;off|phone&#8221; global_colors_info=&#8221;{}&#8221;]<\/p>\n<p><span style=\"font-weight: 400;\">Intervenimos en <\/span><b>todo tipo de <\/b><b>expedientes concursales, tanto de<\/b><b> sociedades y empresarios, como de personas f\u00edsicas<\/b><span style=\"font-weight: 400;\">, bien desde la perspectiva del deudor bien del acreedor, seg\u00fan la posici\u00f3n jur\u00eddica que ocupe el cliente.<\/span><\/p>\n<p><span style=\"font-weight: 400;\">Conocemos perfectamente la idiosincrasia y tr\u00e1mites especializados de los Concursos judiciales pues tambi\u00e9n hemos resultado nombrados e intervenido en innumerables concursos de todo tipo y naturaleza, en calidad de <\/span><b>Administrador Concursal, especialmente designados por el Juzgado de lo Mercantil<\/b> <b>correspondiente a fin de tramitar expedientes concursales en su integridad<\/b><span style=\"font-weight: 400;\">, asistiendo como \u00f3rgano delegado del Juzgado en el concurso para la debida asistencia a los deudores concursados y a los acreedores, propiciando su soluci\u00f3n mediante convenios o bien efectuando la liquidaci\u00f3n de bienes que proceda para con su producto atender el pago de la deudas concursales a los acreedores.<\/span><\/p>\n<p>[\/et_pb_text][\/et_pb_column][\/et_pb_row][\/et_pb_section]<\/p>\n","protected":false},"excerpt":{"rendered":"<p>SERVICESIntervenimos en todo tipo de expedientes concursales, tanto de sociedades y empresarios, como de personas f\u00edsicas, bien desde la perspectiva del deudor bien del acreedor, seg\u00fan la posici\u00f3n jur\u00eddica que ocupe el cliente. Conocemos perfectamente la idiosincrasia y tr\u00e1mites especializados de los Concursos judiciales pues tambi\u00e9n hemos resultado nombrados e intervenido en innumerables concursos de [&hellip;]<\/p>\n","protected":false},"author":1,"featured_media":0,"parent":646,"menu_order":0,"comment_status":"closed","ping_status":"closed","template":"","meta":{"_et_pb_use_builder":"on","_et_pb_old_content":"","_et_gb_content_width":"","footnotes":""},"class_list":["post-726","page","type-page","status-publish","hentry"],"_links":{"self":[{"href":"https:\/\/zanonabogados.com\/en\/wp-json\/wp\/v2\/pages\/726","targetHints":{"allow":["GET"]}}],"collection":[{"href":"https:\/\/zanonabogados.com\/en\/wp-json\/wp\/v2\/pages"}],"about":[{"href":"https:\/\/zanonabogados.com\/en\/wp-json\/wp\/v2\/types\/page"}],"author":[{"embeddable":true,"href":"https:\/\/zanonabogados.com\/en\/wp-json\/wp\/v2\/users\/1"}],"replies":[{"embeddable":true,"href":"https:\/\/zanonabogados.com\/en\/wp-json\/wp\/v2\/comments?post=726"}],"version-history":[{"count":0,"href":"https:\/\/zanonabogados.com\/en\/wp-json\/wp\/v2\/pages\/726\/revisions"}],"up":[{"embeddable":true,"href":"https:\/\/zanonabogados.com\/en\/wp-json\/wp\/v2\/pages\/646"}],"wp:attachment":[{"href":"https:\/\/zanonabogados.com\/en\/wp-json\/wp\/v2\/media?parent=726"}],"curies":[{"name":"wp","href":"https:\/\/api.w.org\/{rel}","templated":true}]}}