{"id":736,"date":"2023-12-01T16:42:58","date_gmt":"2023-12-01T15:42:58","guid":{"rendered":"https:\/\/zanonabogados.com\/areas-of-specialization\/business-law-commercial-and-corporate\/"},"modified":"2024-01-26T12:17:42","modified_gmt":"2024-01-26T11:17:42","slug":"business-law-commercial-and-corporate","status":"publish","type":"page","link":"https:\/\/zanonabogados.com\/en\/areas-of-specialization\/business-law-commercial-and-corporate\/","title":{"rendered":"Business law (commercial and corporate)"},"content":{"rendered":"<p>[et_pb_section fb_built=&#8221;1&#8243; module_class=&#8221;bg-overlay-blue3&#8243; _builder_version=&#8221;4.23&#8243; _module_preset=&#8221;default&#8221; background_color=&#8221;#313E47&#8243; background_image=&#8221;https:\/\/zanonabogados.com\/wp-content\/uploads\/2023\/12\/estatua-justicia-simbolo-imagen-concepto-derecho-legal-1-scaled.jpg&#8221; parallax=&#8221;on&#8221; background_enable_pattern_style=&#8221;on&#8221; background_pattern_style=&#8221;squares&#8221; background_pattern_color=&#8221;rgba(49,62,71,0.24)&#8221; global_module=&#8221;203&#8243; saved_tabs=&#8221;all&#8221; global_colors_info=&#8221;{}&#8221;][et_pb_row _builder_version=&#8221;4.23&#8243; _module_preset=&#8221;default&#8221; global_colors_info=&#8221;{}&#8221;][et_pb_column type=&#8221;4_4&#8243; _builder_version=&#8221;4.23&#8243; _module_preset=&#8221;default&#8221; global_colors_info=&#8221;{}&#8221;][et_pb_text _builder_version=&#8221;4.23&#8243; _dynamic_attributes=&#8221;link_option_url&#8221; _module_preset=&#8221;default&#8221; text_text_color=&#8221;#EB9B38&#8243; text_letter_spacing=&#8221;3px&#8221; custom_margin=&#8221;||6px|||&#8221; link_option_url=&#8221;@ET-DC@eyJkeW5hbWljIjp0cnVlLCJjb250ZW50IjoicG9zdF9saW5rX3VybF9wYWdlIiwic2V0dGluZ3MiOnsicG9zdF9pZCI6IjE3IiwiZW5hYmxlX2h0bWwiOiJvZmYifX0=@&#8221; global_colors_info=&#8221;{}&#8221;]<\/p>\n<p>SERVICES<\/p>\n<p>[\/et_pb_text][et_pb_text _builder_version=&#8221;4.23&#8243; _dynamic_attributes=&#8221;content&#8221; _module_preset=&#8221;default&#8221; header_text_color=&#8221;#FFFFFF&#8221; header_font_size=&#8221;34px&#8221; header_line_height=&#8221;1.4em&#8221; custom_margin=&#8221;||-9px|||&#8221; header_font_size_tablet=&#8221;34px&#8221; header_font_size_phone=&#8221;28px&#8221; header_font_size_last_edited=&#8221;on|desktop&#8221; global_colors_info=&#8221;{}&#8221;]@ET-DC@eyJkeW5hbWljIjp0cnVlLCJjb250ZW50IjoicG9zdF90aXRsZSIsInNldHRpbmdzIjp7ImJlZm9yZSI6IjxoMT4iLCJhZnRlciI6IjwvaDE+IiwiZW5hYmxlX2h0bWwiOiJvZmYifX0=@[\/et_pb_text][\/et_pb_column][\/et_pb_row][\/et_pb_section][et_pb_section fb_built=&#8221;1&#8243; _builder_version=&#8221;4.23&#8243; _module_preset=&#8221;default&#8221; background_color=&#8221;#F7F7F7&#8243; global_colors_info=&#8221;{}&#8221;][et_pb_row column_structure=&#8221;1_4,3_4&#8243; use_custom_gutter=&#8221;on&#8221; gutter_width=&#8221;2&#8243; _builder_version=&#8221;4.23&#8243; _module_preset=&#8221;default&#8221; global_colors_info=&#8221;{}&#8221;][et_pb_column type=&#8221;1_4&#8243; _builder_version=&#8221;4.23&#8243; _module_preset=&#8221;default&#8221; global_colors_info=&#8221;{}&#8221;][et_pb_image src=&#8221;https:\/\/zanonabogados.com\/wp-content\/uploads\/2023\/11\/iconos-servicios_Mesa-de-trabajo-1-copia-2.svg&#8221; title_text=&#8221;Icono para herencias y testamentos&#8221; _builder_version=&#8221;4.24.0&#8243; _module_preset=&#8221;default&#8221; width=&#8221;64%&#8221; width_tablet=&#8221;20%&#8221; width_phone=&#8221;31%&#8221; width_last_edited=&#8221;on|phone&#8221; module_alignment=&#8221;left&#8221; hover_enabled=&#8221;0&#8243; global_colors_info=&#8221;{}&#8221; alt=&#8221;Icono para herencias y testamentos&#8221; sticky_enabled=&#8221;0&#8243;][\/et_pb_image][\/et_pb_column][et_pb_column type=&#8221;3_4&#8243; _builder_version=&#8221;4.23&#8243; _module_preset=&#8221;default&#8221; global_colors_info=&#8221;{}&#8221;][et_pb_text _builder_version=&#8221;4.23.4&#8243; _module_preset=&#8221;default&#8221; custom_margin=&#8221;||||false|false&#8221; custom_padding=&#8221;|||40px|false|false&#8221; custom_padding_tablet=&#8221;|||40px|false|false&#8221; custom_padding_phone=&#8221;|||20px|false|false&#8221; custom_padding_last_edited=&#8221;on|phone&#8221; animation_style=&#8221;slide&#8221; animation_direction=&#8221;left&#8221; animation_intensity_slide=&#8221;1%&#8221; border_width_left=&#8221;4px&#8221; border_color_left=&#8221;#EB9B38&#8243; border_width_left_last_edited=&#8221;off|phone&#8221; global_colors_info=&#8221;{}&#8221;]<\/p>\n<p><span style=\"font-weight: 400;\">El \u00c1rea Mercantil <\/span><b>constituye el n\u00facleo de nuestra actividad jur\u00eddica, abarcando toda gama de transacciones y relaciones comerciales del mundo empresarial. Cuando ello es necesario, de forma coordinada con expertos de otras \u00e1reas.<\/b><\/p>\n<p><span style=\"font-weight: 400;\">Ofrecemos nuestros <\/span><b>servicios profesionales<\/b><span style=\"font-weight: 400;\"> que van desde la <\/span><b>constituci\u00f3n a la liquidaci\u00f3n jur\u00eddica de empresas y sociedades<\/b><span style=\"font-weight: 400;\">, pasando por <\/span><b>todas las vicisitudes jur\u00eddicas que las relaciones comerciales de estas con proveedores, clientes e, incluso, competidores, pudieran plantear<\/b><span style=\"font-weight: 400;\">, incluidas, entre otras, negociaciones sobre adquisiciones y\/o enajenaciones de empresas.<\/span><\/p>\n<p><span style=\"font-weight: 400;\">Asimismo, redactamos todo tipo de <\/span><b>contratos<\/b><span style=\"font-weight: 400;\"> que se necesiten en la actividad diaria y asesoramos sobre las mejores garant\u00edas jur\u00eddicas a exigir en las transacciones o relaciones comerciales a emprender en la actividad empresarial.<\/span><\/p>\n<p><span style=\"font-weight: 400;\">El <\/span><b>asesoramiento y servicios<\/b><span style=\"font-weight: 400;\"> en la parcela del <\/span><b>derecho mercantil se extiende igualmente a las sociedades extranjeras que precisen de los servicios profesionales de un abogado que defienda sus intereses en esta provincia de Castell\u00f3n<\/b><span style=\"font-weight: 400;\"> -extensible incluso a otras partes del territorio espa\u00f1ol donde nos encontramos habilitados para ejercer la abogac\u00eda y lo hacemos apoyados en la <\/span><b>Corporaci\u00f3n Europea de Abogados<\/b><b>,<\/b><span style=\"font-weight: 400;\"> en anagrama CEA-, por virtud de las relaciones comerciales que pudieran mantener con empresas espa\u00f1olas -por ej., con azulejeras, actividad econ\u00f3mica preponderante en la provincia-.<\/span><\/p>\n<p><span style=\"font-weight: 400;\">Nuestros servicios en el \u00e1rea del <\/span><b>derecho mercantil y societario<\/b><span style=\"font-weight: 400;\"> se dirigen al <\/span><b>asesoramiento sobre los diversos aspectos que rodean la actividad de la empresa: entre otros<\/b><span style=\"font-weight: 400;\">, defensa derechos accionistas, impugnaciones acuerdos sociales, asistencia y asesoramiento Juntas Generales Ordinarias y Extraordinarias de sociedades, acciones y defensa reclamaci\u00f3n responsabilidad contra administradores, poderes, redacci\u00f3n actas de Juntas\/reuniones Consejo Administraci\u00f3n, ampliaciones\/reducciones capital social, redacci\u00f3n\/modificaci\u00f3n Estatutos Sociales, asistencia acreedores contra deudores de la empresa -reclamaciones cantidad, recobro impagados y otras acciones recuperatorias de deudas-, reestructuraci\u00f3n de empresas en situaciones de insolvencia y de sus deudas negociando con afectados (acreedores, trabajadores, proveedores y clientes), administraci\u00f3n temporal y venta de empresas en la anterior situaci\u00f3n y b\u00fasqueda, en definitiva, de soluciones a sociedades en crisis.<\/span><\/p>\n<p><span style=\"font-weight: 400;\">El equipo de <\/span><b>abogados mercantiles y abogados concursales<\/b><span style=\"font-weight: 400;\"> de Zan\u00f3n Abogados est\u00e1 a su disposici\u00f3n para asesorarle. <\/span> <\/p>\n<p>[\/et_pb_text][\/et_pb_column][\/et_pb_row][\/et_pb_section]<\/p>\n","protected":false},"excerpt":{"rendered":"<p>SERVICESEl \u00c1rea Mercantil constituye el n\u00facleo de nuestra actividad jur\u00eddica, abarcando toda gama de transacciones y relaciones comerciales del mundo empresarial. Cuando ello es necesario, de forma coordinada con expertos de otras \u00e1reas. Ofrecemos nuestros servicios profesionales que van desde la constituci\u00f3n a la liquidaci\u00f3n jur\u00eddica de empresas y sociedades, pasando por todas las vicisitudes [&hellip;]<\/p>\n","protected":false},"author":1,"featured_media":0,"parent":646,"menu_order":0,"comment_status":"closed","ping_status":"closed","template":"","meta":{"_et_pb_use_builder":"on","_et_pb_old_content":"","_et_gb_content_width":"","footnotes":""},"class_list":["post-736","page","type-page","status-publish","hentry"],"_links":{"self":[{"href":"https:\/\/zanonabogados.com\/en\/wp-json\/wp\/v2\/pages\/736","targetHints":{"allow":["GET"]}}],"collection":[{"href":"https:\/\/zanonabogados.com\/en\/wp-json\/wp\/v2\/pages"}],"about":[{"href":"https:\/\/zanonabogados.com\/en\/wp-json\/wp\/v2\/types\/page"}],"author":[{"embeddable":true,"href":"https:\/\/zanonabogados.com\/en\/wp-json\/wp\/v2\/users\/1"}],"replies":[{"embeddable":true,"href":"https:\/\/zanonabogados.com\/en\/wp-json\/wp\/v2\/comments?post=736"}],"version-history":[{"count":0,"href":"https:\/\/zanonabogados.com\/en\/wp-json\/wp\/v2\/pages\/736\/revisions"}],"up":[{"embeddable":true,"href":"https:\/\/zanonabogados.com\/en\/wp-json\/wp\/v2\/pages\/646"}],"wp:attachment":[{"href":"https:\/\/zanonabogados.com\/en\/wp-json\/wp\/v2\/media?parent=736"}],"curies":[{"name":"wp","href":"https:\/\/api.w.org\/{rel}","templated":true}]}}