{"id":947,"date":"2023-12-27T15:57:10","date_gmt":"2023-12-27T14:57:10","guid":{"rendered":"https:\/\/zanonabogados.com\/surveys\/suggestions-and-or-complaints-mailbox\/"},"modified":"2024-01-26T12:54:18","modified_gmt":"2024-01-26T11:54:18","slug":"suggestions-and-or-complaints-mailbox","status":"publish","type":"page","link":"https:\/\/zanonabogados.com\/en\/surveys\/suggestions-and-or-complaints-mailbox\/","title":{"rendered":"Suggestions and\/or complaints mailbox"},"content":{"rendered":"<p>[et_pb_section fb_built=&#8221;1&#8243; module_class=&#8221;bg-overlay-blue3&#8243; _builder_version=&#8221;4.23&#8243; _module_preset=&#8221;default&#8221; background_color=&#8221;#313E47&#8243; background_image=&#8221;https:\/\/zanonabogados.com\/wp-content\/uploads\/2023\/12\/estatua-justicia-simbolo-imagen-concepto-derecho-legal-1-scaled.jpg&#8221; parallax=&#8221;on&#8221; background_enable_pattern_style=&#8221;on&#8221; background_pattern_style=&#8221;squares&#8221; background_pattern_color=&#8221;rgba(49,62,71,0.24)&#8221; global_colors_info=&#8221;{}&#8221; global_module=&#8221;189&#8243; theme_builder_area=&#8221;post_content&#8221;][et_pb_row _builder_version=&#8221;4.23&#8243; _module_preset=&#8221;default&#8221; global_colors_info=&#8221;{}&#8221; theme_builder_area=&#8221;post_content&#8221;][et_pb_column type=&#8221;4_4&#8243; _builder_version=&#8221;4.23&#8243; _module_preset=&#8221;default&#8221; global_colors_info=&#8221;{}&#8221; theme_builder_area=&#8221;post_content&#8221;][et_pb_text _builder_version=&#8221;4.23&#8243; _dynamic_attributes=&#8221;content&#8221; _module_preset=&#8221;default&#8221; header_text_color=&#8221;#FFFFFF&#8221; header_font_size=&#8221;46px&#8221; custom_margin=&#8221;||-9px|||&#8221; header_font_size_tablet=&#8221;46px&#8221; header_font_size_phone=&#8221;40px&#8221; header_font_size_last_edited=&#8221;on|desktop&#8221; global_colors_info=&#8221;{}&#8221; theme_builder_area=&#8221;post_content&#8221;]@ET-DC@eyJkeW5hbWljIjp0cnVlLCJjb250ZW50IjoicG9zdF90aXRsZSIsInNldHRpbmdzIjp7ImJlZm9yZSI6IjxoMT4iLCJhZnRlciI6IjwvaDE+IiwiZW5hYmxlX2h0bWwiOiJvZmYifX0=@[\/et_pb_text][\/et_pb_column][\/et_pb_row][\/et_pb_section][et_pb_section fb_built=&#8221;1&#8243; theme_builder_area=&#8221;post_content&#8221; _builder_version=&#8221;4.23.2&#8243; _module_preset=&#8221;default&#8221;][et_pb_row _builder_version=&#8221;4.23.2&#8243; _module_preset=&#8221;default&#8221; theme_builder_area=&#8221;post_content&#8221;][et_pb_column _builder_version=&#8221;4.23.2&#8243; _module_preset=&#8221;default&#8221; type=&#8221;4_4&#8243; theme_builder_area=&#8221;post_content&#8221;][et_pb_text _builder_version=&#8221;4.23.2&#8243; _module_preset=&#8221;default&#8221; theme_builder_area=&#8221;post_content&#8221; hover_enabled=&#8221;0&#8243; sticky_enabled=&#8221;0&#8243;]<\/p>\n\n<div class=\"wpcf7 no-js\" id=\"wpcf7-f957-o1\" lang=\"en-US\" dir=\"ltr\" data-wpcf7-id=\"957\">\n<div class=\"screen-reader-response\"><p role=\"status\" aria-live=\"polite\" aria-atomic=\"true\"><\/p> <ul><\/ul><\/div>\n<form action=\"\/en\/wp-json\/wp\/v2\/pages\/947#wpcf7-f957-o1\" method=\"post\" class=\"wpcf7-form init\" aria-label=\"Contact form\" novalidate=\"novalidate\" data-status=\"init\">\n<div style=\"display: none;\">\n<input type=\"hidden\" name=\"_wpcf7\" value=\"957\" \/>\n<input type=\"hidden\" name=\"_wpcf7_version\" value=\"6.0.4\" \/>\n<input type=\"hidden\" name=\"_wpcf7_locale\" value=\"en_US\" \/>\n<input type=\"hidden\" name=\"_wpcf7_unit_tag\" value=\"wpcf7-f957-o1\" \/>\n<input type=\"hidden\" name=\"_wpcf7_container_post\" value=\"0\" \/>\n<input type=\"hidden\" name=\"_wpcf7_posted_data_hash\" value=\"\" \/>\n<input type=\"hidden\" name=\"_wpcf7_recaptcha_response\" value=\"\" \/>\n<\/div>\n<p><span>Puede depositar esta sugerencia o queja en el Buz\u00f3n de Sugerencias de la Recepci\u00f3n del Despacho Zan\u00f3n Abogados, entregarla a cualquier miembro del personal, enviarla por correo (calle Mayor 76 1\u00ba 1\u00aa, 12001 Castell\u00f3n) o enviarla por e-mail a nuestro correo electr\u00f3nico <a href=\"mailto:bufete@zanonabogados.com\">bufete@zanonabogados.com<\/a>. En todo caso si nos facilita sus datos personales (optativo) le daremos una respuesta personalizada. Much\u00edsimas gracias.<\/span>\n<\/p>\n<div class=\"textarea\">\n\t<p><strong> Escriba su sugerencia o queja aqu\u00ed: <\/strong><span class=\"wpcf7-form-control-wrap\" data-name=\"sugerencias\"><textarea cols=\"40\" rows=\"10\" maxlength=\"2000\" class=\"wpcf7-form-control wpcf7-textarea\" aria-invalid=\"false\" name=\"sugerencias\"><\/textarea><\/span>\n\t<\/p>\n<\/div>\n<p><input type=\"hidden\" name=\"your-subject\" value=\"Buz\u00f3n de sugerencias y\/o quejas\" \/><input class=\"wpcf7-form-control wpcf7-submit has-spinner\" type=\"submit\" value=\"Enviar\" \/>\n<\/p>\n<style>.textarea {\n margin-bottom: 10px;\n }\n\n .wpcf7-textarea {\n border: 1px solid #ccc!important;\n }\n<\/style><div class=\"wpcf7-response-output\" aria-hidden=\"true\"><\/div>\n<\/form>\n<\/div>\n\n<p>[\/et_pb_text][\/et_pb_column][\/et_pb_row][\/et_pb_section]<\/p>\n","protected":false},"excerpt":{"rendered":"\n<div class=\"wpcf7 no-js\" id=\"wpcf7-f957-o2\" lang=\"en-US\" dir=\"ltr\" data-wpcf7-id=\"957\">\n<div class=\"screen-reader-response\"><p role=\"status\" aria-live=\"polite\" aria-atomic=\"true\"><\/p> <ul><\/ul><\/div>\n<form action=\"\/en\/wp-json\/wp\/v2\/pages\/947#wpcf7-f957-o2\" method=\"post\" class=\"wpcf7-form init\" aria-label=\"Contact form\" novalidate=\"novalidate\" data-status=\"init\">\n<div style=\"display: none;\">\n<input type=\"hidden\" name=\"_wpcf7\" value=\"957\" \/>\n<input type=\"hidden\" name=\"_wpcf7_version\" value=\"6.0.4\" \/>\n<input type=\"hidden\" name=\"_wpcf7_locale\" value=\"en_US\" \/>\n<input type=\"hidden\" name=\"_wpcf7_unit_tag\" value=\"wpcf7-f957-o2\" \/>\n<input type=\"hidden\" name=\"_wpcf7_container_post\" value=\"0\" \/>\n<input type=\"hidden\" name=\"_wpcf7_posted_data_hash\" value=\"\" \/>\n<input type=\"hidden\" name=\"_wpcf7_recaptcha_response\" value=\"\" \/>\n<\/div>\n<p><span>Puede depositar esta sugerencia o queja en el Buz\u00f3n de Sugerencias de la Recepci\u00f3n del Despacho Zan\u00f3n Abogados, entregarla a cualquier miembro del personal, enviarla por correo (calle Mayor 76 1\u00ba 1\u00aa, 12001 Castell\u00f3n) o enviarla por e-mail a nuestro correo electr\u00f3nico <a href=\"mailto:bufete@zanonabogados.com\">bufete@zanonabogados.com<\/a>. En todo caso si nos facilita sus datos personales (optativo) le daremos una respuesta personalizada. Much\u00edsimas gracias.<\/span>\n<\/p>\n<div class=\"textarea\">\n\t<p><strong> Escriba su sugerencia o queja aqu\u00ed: <\/strong><span class=\"wpcf7-form-control-wrap\" data-name=\"sugerencias\"><textarea cols=\"40\" rows=\"10\" maxlength=\"2000\" class=\"wpcf7-form-control wpcf7-textarea\" aria-invalid=\"false\" name=\"sugerencias\"><\/textarea><\/span>\n\t<\/p>\n<\/div>\n<p><input type=\"hidden\" name=\"your-subject\" value=\"Buz\u00f3n de sugerencias y\/o quejas\" \/><input class=\"wpcf7-form-control wpcf7-submit has-spinner\" type=\"submit\" value=\"Enviar\" \/>\n<\/p>\n<style>.textarea {\n margin-bottom: 10px;\n }\n\n .wpcf7-textarea {\n border: 1px solid #ccc!important;\n }\n<\/style><div class=\"wpcf7-response-output\" aria-hidden=\"true\"><\/div>\n<\/form>\n<\/div>\n\n","protected":false},"author":1,"featured_media":0,"parent":933,"menu_order":0,"comment_status":"closed","ping_status":"closed","template":"","meta":{"_et_pb_use_builder":"on","_et_pb_old_content":"","_et_gb_content_width":"","footnotes":""},"class_list":["post-947","page","type-page","status-publish","hentry"],"_links":{"self":[{"href":"https:\/\/zanonabogados.com\/en\/wp-json\/wp\/v2\/pages\/947","targetHints":{"allow":["GET"]}}],"collection":[{"href":"https:\/\/zanonabogados.com\/en\/wp-json\/wp\/v2\/pages"}],"about":[{"href":"https:\/\/zanonabogados.com\/en\/wp-json\/wp\/v2\/types\/page"}],"author":[{"embeddable":true,"href":"https:\/\/zanonabogados.com\/en\/wp-json\/wp\/v2\/users\/1"}],"replies":[{"embeddable":true,"href":"https:\/\/zanonabogados.com\/en\/wp-json\/wp\/v2\/comments?post=947"}],"version-history":[{"count":0,"href":"https:\/\/zanonabogados.com\/en\/wp-json\/wp\/v2\/pages\/947\/revisions"}],"up":[{"embeddable":true,"href":"https:\/\/zanonabogados.com\/en\/wp-json\/wp\/v2\/pages\/933"}],"wp:attachment":[{"href":"https:\/\/zanonabogados.com\/en\/wp-json\/wp\/v2\/media?parent=947"}],"curies":[{"name":"wp","href":"https:\/\/api.w.org\/{rel}","templated":true}]}}